{"id":456,"date":"2013-11-28T12:39:05","date_gmt":"2013-11-28T12:39:05","guid":{"rendered":"http:\/\/themes.goodlayers2.com\/flawless\/?page_id=456"},"modified":"2016-05-20T11:53:22","modified_gmt":"2016-05-20T09:53:22","slug":"ueber-uns","status":"publish","type":"page","link":"https:\/\/www.foerdeshow.de\/?page_id=456","title":{"rendered":"\u00dcber Uns"},"content":{"rendered":"<p>Willkommen bei F\u00f6rde Show Concept<\/p>\n<p>Unser Unternehmen wurde 1992 gegr\u00fcndet und ist als Full Service Agentur im Bereich Events, Catering und Konzerte mit Schwerpunkt Norddeutschland t\u00e4tig.<\/p>\n<p>Mit Schwerpunkt Schleswig-Holstein setzen wir als \u00f6rtlicher Durchf\u00fchrer Konzertproduktionen, gro\u00dfe Open Air Veranstaltungen und Festivals um. Wir greifen dabei auf gefestigte Medienkontakte und umfassendes Veranstaltungsknowhow zur\u00fcck.<\/p>\n<p>In Kooperation mit erfahrenen \u00f6rtlichen Partnern sind wir als Tourneeveranstalter bundesweit t\u00e4tig.<\/p>\n<p>&nbsp;<\/p>\n<p>Impressum:<\/p>\n<p>Vertretungsberechtigte Gesch\u00e4ftsf\u00fchrer: Peter Thomsen<\/p>\n<p>Registergericht: Amtsgericht Flensburg<\/p>\n<p>Handelsregisternummer: HRB2397<\/p>\n<p>UStIdNr. Gem\u00e4\u00df \u00a7 27a Umsatzsteuergesetz: DE134651456<\/p>\n<p>Inhaltsverantwortlicher gem\u00e4ss\u00a0\u00a7 6 MDStV: Peter Thomsen<\/p>\n","protected":false},"excerpt":{"rendered":"<p>Willkommen bei F\u00f6rde Show Concept Unser Unternehmen wurde 1992 gegr\u00fcndet und ist als Full Service Agentur im Bereich Events, Catering und Konzerte mit Schwerpunkt Norddeutschland t\u00e4tig. Mit Schwerpunkt Schleswig-Holstein setzen wir als \u00f6rtlicher Durchf\u00fchrer Konzertproduktionen, gro\u00dfe Open Air Veranstaltungen und Festivals um. Wir greifen dabei auf gefestigte Medienkontakte und umfassendes Veranstaltungsknowhow zur\u00fcck. In Kooperation mit&#8230; <a href=\"https:\/\/www.foerdeshow.de\/?page_id=456\" class=\"excerpt-read-more\">Read More<\/a><\/p>\n","protected":false},"author":1,"featured_media":0,"parent":0,"menu_order":4,"comment_status":"closed","ping_status":"open","template":"","meta":{"footnotes":""},"class_list":["post-456","page","type-page","status-publish","hentry"],"_links":{"self":[{"href":"https:\/\/www.foerdeshow.de\/index.php?rest_route=\/wp\/v2\/pages\/456","targetHints":{"allow":["GET"]}}],"collection":[{"href":"https:\/\/www.foerdeshow.de\/index.php?rest_route=\/wp\/v2\/pages"}],"about":[{"href":"https:\/\/www.foerdeshow.de\/index.php?rest_route=\/wp\/v2\/types\/page"}],"author":[{"embeddable":true,"href":"https:\/\/www.foerdeshow.de\/index.php?rest_route=\/wp\/v2\/users\/1"}],"replies":[{"embeddable":true,"href":"https:\/\/www.foerdeshow.de\/index.php?rest_route=%2Fwp%2Fv2%2Fcomments&post=456"}],"version-history":[{"count":6,"href":"https:\/\/www.foerdeshow.de\/index.php?rest_route=\/wp\/v2\/pages\/456\/revisions"}],"predecessor-version":[{"id":3269,"href":"https:\/\/www.foerdeshow.de\/index.php?rest_route=\/wp\/v2\/pages\/456\/revisions\/3269"}],"wp:attachment":[{"href":"https:\/\/www.foerdeshow.de\/index.php?rest_route=%2Fwp%2Fv2%2Fmedia&parent=456"}],"curies":[{"name":"wp","href":"https:\/\/api.w.org\/{rel}","templated":true}]}}