{"id":3731,"date":"2018-05-24T09:57:14","date_gmt":"2018-05-24T07:57:14","guid":{"rendered":"http:\/\/www.foerdeshow.de\/?page_id=3731"},"modified":"2019-11-18T10:19:16","modified_gmt":"2019-11-18T09:19:16","slug":"datenschutzerklaerung","status":"publish","type":"page","link":"https:\/\/www.foerdeshow.de\/?page_id=3731","title":{"rendered":"Datenschutzhinweise"},"content":{"rendered":"<p><strong>Datenschutzhinweise<\/strong><\/p>\n<p>&nbsp;<\/p>\n<p>Die Betreiber dieser Seiten nehmen den Schutz Ihrer personenbezogenen Daten (z.B. IP-Adresse, Anrede, Namen, Adresse, Email-Adresse, Telefonnummer, Bankverbindung) sehr ernst. Wir behandeln Ihre personenbezogenen Daten vertraulich und entsprechend der Europ\u00e4ischen Datenschutzgrundverordnung (folgend EU-DSGVO) sowie dieses Datenschutzhinweises.<\/p>\n<p>Soweit auf unseren Seiten personenbezogene Daten erhoben werden, erfolgt dies, soweit m\u00f6glich, stets auf freiwilliger Basis gem\u00e4\u00df Artikel 6 EU-DSGVO. Diese Daten werden ohne Ihre ausdr\u00fcckliche Zustimmung, eine entsprechende gesetzliche Grundlage oder durch die Notwendigkeit zur Durchf\u00fchrung einer vertraglichen Ma\u00dfnahme nicht an Dritte weitergegeben.<\/p>\n<p>Dieser Datenschutzhinweis bezieht sich nur auf diese Internetseite und die Verarbeitung Ihrer Daten in unseren Unternehmen. Falls Sie \u00fcber, bei uns eingestellte, Links auf andere Seiten weitergeleitet werden, informieren Sie sich bitte dort \u00fcber den jeweiligen Umgang mit Ihren Daten.<\/p>\n<p>Wir weisen darauf hin, dass die Daten\u00fcbertragung im Internet (z.B. bei der Kommunikation per E-Mail) Sicherheitsl\u00fccken aufweisen kann. Ein l\u00fcckenloser Schutz der Daten vor dem Zugriff durch Dritte ist nicht m\u00f6glich.<\/p>\n<p><strong>Verantwortliche f\u00fcr die Datenverarbeitung und den Datenschutz<\/strong><\/p>\n<p>Verantwortlich f\u00fcr die Datenverarbeitung und den Datenschutz ist die Gesch\u00e4ftsleitung:<\/p>\n<p>foerde show concept GmbH<\/p>\n<p>Peter Thomsen<\/p>\n<p>Tel. 0461 31802-110<\/p>\n<p><a href=\"mailto:info@foerdeshow.de\">info [a] foerdeshow [punkt] de<\/a><\/p>\n<p>&nbsp;<\/p>\n<p>Berliner Platz 1, 24937 Flensburg<\/p>\n<p>Amtsgericht Flensburg, HRB 2397<\/p>\n<p>Ust.-ID-Nr. DE 134 651 456<\/p>\n<p>&nbsp;<\/p>\n<p>Die Einhaltung des Datenschutzes wird durch unseren Datenschutzbeauftragten kontrolliert:<\/p>\n<p>&nbsp;<\/p>\n<p>f\u00f6rde show concept GmbH<\/p>\n<p>Jan Heldt<\/p>\n<p>Tel. 0461 31802-110<\/p>\n<p><a href=\"mailto:datenschutz@foerdeshow.de\">datenschutz [a] foerdeshow [punkt] de<\/a><\/p>\n<p><strong>Bestandsdaten, Zweck der Datenverarbeitung und Nutzergruppen<\/strong><\/p>\n<p>Ihre personenbezogenen Daten, soweit diese f\u00fcr die Begr\u00fcndung, inhaltliche Ausgestaltung oder \u00c4nderung des Vertragsverh\u00e4ltnisses erforderlich sind (Bestandsdaten), werden ausschlie\u00dflich zur Erstellung von Angeboten und zur Vertragsabwicklung verwendet.<\/p>\n<p>Eine Verarbeitung Ihrer personenbezogenen Daten erfolgt durch unsere Mitarbeiter. Unsere Mitarbeiter sind auf einen datenschutzkonformen Umgang mit Ihren Daten geschult und darauf verpflichtet. Dabei werden nur den Mitarbeitern Ihre Daten zur Verf\u00fcgung gestellt, die f\u00fcr eine Bearbeitung Ihre Daten auch ben\u00f6tigen.<\/p>\n<p>Sofern f\u00fcr eine Vertragsabwicklung notwendig, leiten wir Ihre personenbezogenen Daten auch an Dritte weiter (z.B. Ihr Name und Ihre Anschrift an einen Warenlieferanten u. \u00e4. Erf\u00fcllungsgehilfen). Dabei achten wir darauf, dass Dritte nur die personenbezogenen Daten von Ihnen erhalten, die f\u00fcr die Vertragsabwicklung notwendig sind. Generell gilt, dass wir ohne Ihre ausdr\u00fcckliche Einwilligung oder ohne gesetzliche Grundlage Ihre personenbezogenen Daten nicht an au\u00dferhalb der Vertragsabwicklung stehende Dritte weitergeben.<\/p>\n<p><strong>L\u00f6schung personenbezogener Daten<\/strong><\/p>\n<p>Sp\u00e4testens nach Ablauf der steuer- und handelsrechtlichen Vorschriften werden Ihre personenbezogenen Daten von uns gel\u00f6scht, sofern Sie nicht ausdr\u00fccklich in die weitere Nutzung eingewilligt haben.<\/p>\n<p>Personenbezogene Daten die lediglich im Zusammenhang mit allgemeinen Anfragen per Email verarbeitet werden und die f\u00fcr eine weitere Vertragsabwicklung nicht notwendig sind, speichern wir nur so lange, wie dies f\u00fcr die jeweilige Korrespondenz notwendig ist. Der L\u00f6schvorgang wird dabei mehrstufig durchgef\u00fchrt. In der ersten Stufe werden die Daten vom Rechner der Mitarbeiter gel\u00f6scht, im zweiten Schritt von unserem Mailserver. Die L\u00f6schung vom Mailserver erfolgt zeitversetzt und gesondert, um ggf. automatisch ungewollt gel\u00f6schte Daten wieder herstellen zu k\u00f6nnen. Die Widerherstellung von Daten erfolgt datenschutzkonform und kontrolliert.<\/p>\n<h5>Wenn Sie uns per Kontaktformular Anfragen zukommen lassen, werden Ihre Angaben aus dem Anfrageformular, inklusive der von Ihnen dort angegebenen Kontaktdaten, zwecks Bearbeitung der Anfrage solange gespeichert, wie dies f\u00fcr die jeweilige Korrespondenz notwendig ist. Aus dem Kontaktformular wird intern eine Email erzeugt \u2013 folglich entspricht die L\u00f6schroutine f\u00fcr Kontaktformulare denen von Emails.<\/h5>\n<h5>Cookies<\/h5>\n<p>Wir setzen derzeit keinerlei Cookies ein.<\/p>\n<p><strong>Newsletter<\/strong><\/p>\n<p>F\u00fcr den Versand unseres Newsletters greifen wir auf den Dienst von MailChimp zur\u00fcck, betrieben durch The Rocket Science Group, 675 Ponce de Leon Ave NE, Suite 5000, Atlanta, GA 30308 USA. Wenn Sie sich bei unserem Newsletter anmelden werden die entsprechende Information von Ihrem Browser direkt an MailChimp \u00fcbermittelt und dort gespeichert.<\/p>\n<p>Wir weisen darauf hin, dass Ihre Daten somit auch au\u00dferhalb der EU verarbeitet werden \u2013 es greift somit nicht die EU-DSGVO. Ein angemessenes Datenschutzniveau ist jedoch durch die Zugeh\u00f6rigkeit der USA zum Privacy-Shield gew\u00e4hrleistet.<\/p>\n<p>Details zum Umgang mit Ihren pers\u00f6nlichen Daten durch MailChimp sowie Ihren diesbez\u00fcglichen Rechten entnehmen Sie bitte den Datenschutzhinweisen von MailChimp:<\/p>\n<p><a href=\"https:\/\/mailchimp.com\/legal\/privacy\/\">https:\/\/mailchimp.com\/legal\/privacy\/<\/a><\/p>\n<p>Server-Log-Files<\/p>\n<p>Der Provider der Seiten erhebt und speichert automatisch Informationen in so genannten Server-Log Files, die Ihr Browser automatisch an uns \u00fcbermittelt. Dies sind:<\/p>\n<p>&#8211;\u00a0\u00a0\u00a0\u00a0\u00a0\u00a0\u00a0\u00a0\u00a0 Browsertyp und Browserversion<\/p>\n<p>&#8211;\u00a0\u00a0\u00a0\u00a0\u00a0\u00a0\u00a0\u00a0\u00a0 verwendetes Betriebssystem<\/p>\n<p>&#8211;\u00a0\u00a0\u00a0\u00a0\u00a0\u00a0\u00a0\u00a0\u00a0 Referrer URL<\/p>\n<p>&#8211;\u00a0\u00a0\u00a0\u00a0\u00a0\u00a0\u00a0\u00a0\u00a0 Hostname des zugreifenden Rechners<\/p>\n<p>&#8211;\u00a0\u00a0\u00a0\u00a0\u00a0\u00a0\u00a0\u00a0\u00a0 Uhrzeit der Serveranfrage<\/p>\n<p>Diese Daten sind nicht bestimmten Personen zuordenbar. Eine Zusammenf\u00fchrung dieser Daten mit anderen Datenquellen wird nicht vorgenommen. Wir behalten uns vor, diese Daten nachtr\u00e4glich zu pr\u00fcfen, wenn uns konkrete Anhaltspunkte f\u00fcr eine rechtswidrige Nutzung bekannt werden.<\/p>\n<p><strong>Social Plugins von Facebook<\/strong><\/p>\n<p>Es kann vorkommen, dass Social Plugins von <a href=\"http:\/\/facebook.com\">facebook.com<\/a>, betrieben durch Facebook Inc., 1601 S. California Ave, Palo Alto, CA 94304, USA eingebunden werden. Die Plugins sind an dem Facebook Logo oder dem Zusatz &#8222;Facebook Social Plugin&#8220; zu erkennen. Wenn Sie z.B. den &#8222;Gef\u00e4llt mir&#8220; Button anklicken oder einen Kommentar abgeben, wird die entsprechende Information von Ihrem Browser direkt an Facebook \u00fcbermittelt und dort gespeichert.<\/p>\n<p>Wir weisen darauf hin, dass Ihre Daten somit auch au\u00dferhalb der EU verarbeitet werden \u2013 es greift somit nicht die EU-DSGVO. Ein angemessenes Datenschutzniveau ist jedoch durch die Zugeh\u00f6rigkeit der USA zum Privacy-Shield gew\u00e4hrleistet.<\/p>\n<p>Weiterhin macht Facebook Ihre Vorlieben f\u00fcr Ihre Facebook-Freunde \u00f6ffentlich. Sind Sie bei Facebook eingeloggt, kann Facebook den Aufruf unserer Seite Ihrem Facebook-Konto direkt zuordnen. Auch wenn Sie nicht eingeloggt sind oder gar kein Facebook-Konto besitzen, \u00fcbermittelt Ihr Browser Informationen (z.B. welchen Webseite Sie aufgerufen haben, Ihre IP-Adresse), die von Facebook gespeichert werden.<\/p>\n<p>Details zum Umgang mit Ihren pers\u00f6nlichen Daten durch Facebook sowie Ihren diesbez\u00fcglichen Rechten entnehmen Sie bitte den Datenschutzhinweisen von Facebook:<\/p>\n<p><a href=\"http:\/\/www.facebook.com\/policy.php\">http:\/\/www.facebook.com\/policy.php<\/a>.<\/p>\n<p>Wenn Sie nicht m\u00f6chten, dass Facebook die \u00fcber unsere Webseiten \u00fcber Sie gesammelten Daten Ihrem Facebook-Konto zuordnet, m\u00fcssen Sie sich vor Ihrem Besuch unserer Webseiten bei Facebook ausloggen.<\/p>\n<p><strong>Social Plugins von Instagram<\/strong><\/p>\n<p>Es kann vorkommen, dass Social Plugins von <a href=\"http:\/\/instagram.com\">instagram.com<\/a>, betrieben durch Instagram LLC, 1601 Willow Road, Menlo Park, CA 94025, USA auf unserer Seite eingebunden werden. Die Plugins sind an dem Instagram Logo oder dem Zusatz &#8222;Instagram Social Plugin&#8220; zu erkennen. Wenn Sie den entsprechenden Button anklicken oder einen Kommentar abgeben, wird die entsprechende Information von Ihrem Browser direkt an Instagram \u00fcbermittelt und dort gespeichert.<\/p>\n<p>Wir weisen darauf hin, dass Ihre Daten somit auch au\u00dferhalb der EU verarbeitet werden \u2013 es greift somit nicht die EU-DSGVO. Ein angemessenes Datenschutzniveau ist jedoch durch die Zugeh\u00f6rigkeit der USA zum Privacy-Shield gew\u00e4hrleistet.<\/p>\n<p>Details zum Umgang mit Ihren pers\u00f6nlichen Daten durch Instagram sowie Ihren diesbez\u00fcglichen Rechten entnehmen Sie bitte den Datenschutzhinweisen von Instagram:<\/p>\n<p><a href=\"https:\/\/help.instagram.com\/155833707900388\">https:\/\/help.instagram.com\/155833707900388<\/a><\/p>\n<h5>Wenn Sie nicht m\u00f6chten, dass Instagram die \u00fcber unsere Webseiten \u00fcber Sie gesammelten Daten Ihrem Instagam-Konto zuordnet, m\u00fcssen Sie sich vor Ihrem Besuch unserer Webseiten bei Instagram ausloggen.<\/h5>\n<h3><strong>Google Web Fonts<\/strong><\/h3>\n<p>Diese Seite nutzt zur einheitlichen Darstellung von Schriftarten so genannte Web Fonts, die von Google bereitgestellt werden. Beim Aufruf einer Seite l\u00e4dt Ihr Browser die ben\u00f6tigten Web Fonts in ihren Browsercache, um Texte und Schriftarten korrekt anzuzeigen.<\/p>\n<p>Zu diesem Zweck muss der von Ihnen verwendete Browser Verbindung zu den Servern von Google aufnehmen. Hierdurch erlangt Google Kenntnis dar\u00fcber, dass \u00fcber Ihre IP-Adresse unsere Website aufgerufen wurde. Die Nutzung von Google Web Fonts erfolgt im Interesse einer einheitlichen und ansprechenden Darstellung unserer Online-Angebote. Dies stellt ein berechtigtes Interesse im Sinne von Art. 6 Abs. 1 lit. f DSGVO dar.<\/p>\n<p>Wenn Ihr Browser Web Fonts nicht unterst\u00fctzt, wird eine Standardschrift von Ihrem Computer genutzt.<\/p>\n<p>Weitere Informationen zu Google Web Fonts finden Sie unter <a href=\"https:\/\/developers.google.com\/fonts\/faq\">https:\/\/developers.google.com\/fonts\/faq<\/a> und in der Datenschutzerkl\u00e4rung von Google: <a href=\"https:\/\/www.google.com\/policies\/privacy\/\">https:\/\/www.google.com\/policies\/privacy\/<\/a>.<\/p>\n<h3><strong>Verwendung von Diensten und Inhalte Dritter (z.B. Google-Maps)<\/strong><\/h3>\n<p>Es kann vorkommen, dass auf unserer Internetseite Inhalte Dritter, wie zum Beispiel Videos von youtbe, Kartenmaterial von Google-Maps oder RSS-Feeds eingebunden werden. Dies setzt immer voraus, dass die Anbieter dieser Inhalte (nachfolgend bezeichnet als \u201eDritt-Anbieter\u201c) die IP-Adresse der Nutzer wahrnehmen. Ohne die IP-Adresse k\u00f6nnen die Inhalte nicht an den Browser des jeweiligen Nutzers gesendet werden. Wir bem\u00fchen uns nur solche Inhalte zu verwenden, deren jeweilige Anbieter die IP-Adresse lediglich zur Auslieferung der Inhalte verwenden. Jedoch haben wir keinen Einfluss darauf, falls die Dritt-Anbieter die IP-Adresse z.B. f\u00fcr statistische Zwecke speichert.<\/p>\n<h5>SSL-Verschl\u00fcsselung<\/h5>\n<p>Diese Seite nutzt aus Gr\u00fcnden der Sicherheit und zum Schutz der \u00dcbertragung vertraulicher Inhalte, wie zum Beispiel der Anfragen, die Sie an uns als Seitenbetreiber senden, eine SSLVerschl\u00fcsselung. Eine verschl\u00fcsselte Verbindung erkennen Sie daran, dass die Adresszeile des Browsers von &#8222;http:\/\/&#8220; auf &#8222;https:\/\/&#8220; wechselt und an dem Schloss-Symbol in Ihrer Browserzeile.<\/p>\n<p>Wenn die SSL Verschl\u00fcsselung aktiviert ist, k\u00f6nnen die Daten, die Sie an uns \u00fcbermitteln, nicht von Dritten mitgelesen werden.<\/p>\n<p><strong>Ihre Betroffenenrechte gem\u00e4\u00df EU-DSGVO<\/strong><\/p>\n<p>Nach der EU-Datenschutzgrundverordnung stehen Ihne die folgenden Rechte zu:<\/p>\n<p>Recht auf Auskunft:<\/p>\n<p>Sie k\u00f6nnen gem\u00e4\u00df Artikel 15 EU-DSGVO eine Best\u00e4tigung dar\u00fcber verlangen, ob Sie betreffende Daten verarbeitet werden. Ist dies der Fall, so habe Sie ein Recht auf Auskunft \u00fcber die verarbeiteten Informationen.<\/p>\n<p>Recht auf Widerruf der Einwilligung:<\/p>\n<p>Sofern die Verarbeitung personenbezogener Daten aufgrund einer Einwilligung erfolgt, haben Sie gem\u00e4\u00df Artikel 7 EU-DSGVO das Recht diese Einwilligung jederzeit zu widerrufen.<\/p>\n<p>Recht auf Widerspruch:<\/p>\n<p>Sofern die Verarbeitung Ihrer personenbezogenen Daten zur Wahrung der berechtigten Interessen unseres Unternehmens erforderlich ist, k\u00f6nnen Sie gem\u00e4\u00df Artikel 21 EU-DSGVO jederzeit Wiederspruch gegen die Verarbeitung einlegen.<\/p>\n<p>Recht auf L\u00f6schung:<\/p>\n<p>Sofern Sie Ihre Einwilligung wiederrufen habe, Widerspruch gegen die Verarbeitung Ihrer personenbezogenen Daten eingelegt haben (und keine vorrangigen berechtigten Gr\u00fcnde f\u00fcr die Verarbeitung vorliegen), Ihre personenbezogenen Daten f\u00fcr die Zwecke der Verarbeitung nicht mehr notwendig sind, eine entsprechende rechtliche Verpflichtung besteht oder Ihre personenbezogenen Daten unrechtm\u00e4\u00dfig verarbeitet wurden, haben Sie das Recht, gem\u00e4\u00df Artikel 17 EU-DSGVO, die L\u00f6schung Ihrer personenbezogenen Daten zu verlangen.<\/p>\n<p>Recht auf Berichtigung:<\/p>\n<p>Sofern Ihre personenbezogenen Daten unrichtig verarbeitet wurden, haben Sie gem\u00e4\u00df Artikel 16 EU-DSGVO das Recht unverz\u00fcglich die Berichtigung dieser Daten zu verlangen.<\/p>\n<p>Recht auf Einschr\u00e4nkung der Verarbeitung:<\/p>\n<p>Unter der Voraussetzung des Artikels 18 EU-DSGVO haben Sie das Recht die Einschr\u00e4nkung der Verarbeitung Ihrer personenbezogenen Daten zu verlangen.<\/p>\n<p>Recht auf Daten\u00fcbertragbarkeit:<\/p>\n<p>Ihnen steht gem\u00e4\u00df Artikel 20 EU-DSGVO das Recht zu von Ihnen bereitgestellte personenbezogene Daten in einem strukturierten, g\u00e4ngigen und maschinenlesbaren Format zu erhalten.<\/p>\n<p>F\u00fcr Anfragen, R\u00fcckfragen, Erkl\u00e4rungen und um Ihre Rechte geltend zu machen, steht Ihnen unsere Datenschutzbeauftragte<\/p>\n<p>Jan Heldt<\/p>\n<p><a href=\"mailto:datenschutz@foerdeshow.de\">datenschutz@foerdeshow.de<\/a><\/p>\n<p>gerne zur Verf\u00fcgung.<\/p>\n<p><strong>Beschwerderecht<\/strong><\/p>\n<p>Ihnen steht ein Beschwerderecht hinsichtlich unseres Umgangs mit Ihren Daten bei einer Aufsichtsbeh\u00f6rde zu. Sofern Sie dieses Recht wahrnehmen wollen wenden Sie sich bitte an:<\/p>\n<p>ULD &#8211; Unabh\u00e4ngiges Landeszentrum f\u00fcr Datenschutz Schleswig-Holstein<\/p>\n<p>Holstenstra\u00dfe 98, 24103 Kiel<\/p>\n<p>Tel. 0431 988-1200<\/p>\n<p><a href=\"mailto:mail@datenschutzzentrum.de\">mail@datenschutzzentrum.de<\/a><\/p>\n<p><a href=\"http:\/\/www.datenschutzzentrum.de\">www.datenschutzzentrum.de<\/a><\/p>\n","protected":false},"excerpt":{"rendered":"<p>Datenschutzhinweise &nbsp; Die Betreiber dieser Seiten nehmen den Schutz Ihrer personenbezogenen Daten (z.B. IP-Adresse, Anrede, Namen, Adresse, Email-Adresse, Telefonnummer, Bankverbindung) sehr ernst. Wir behandeln Ihre personenbezogenen Daten vertraulich und entsprechend der Europ\u00e4ischen Datenschutzgrundverordnung (folgend EU-DSGVO) sowie dieses Datenschutzhinweises. Soweit auf unseren Seiten personenbezogene Daten erhoben werden, erfolgt dies, soweit m\u00f6glich, stets auf freiwilliger Basis gem\u00e4\u00df&#8230; <a href=\"https:\/\/www.foerdeshow.de\/?page_id=3731\" class=\"excerpt-read-more\">Read More<\/a><\/p>\n","protected":false},"author":1,"featured_media":0,"parent":0,"menu_order":7,"comment_status":"closed","ping_status":"closed","template":"","meta":{"footnotes":""},"class_list":["post-3731","page","type-page","status-publish","hentry"],"_links":{"self":[{"href":"https:\/\/www.foerdeshow.de\/index.php?rest_route=\/wp\/v2\/pages\/3731","targetHints":{"allow":["GET"]}}],"collection":[{"href":"https:\/\/www.foerdeshow.de\/index.php?rest_route=\/wp\/v2\/pages"}],"about":[{"href":"https:\/\/www.foerdeshow.de\/index.php?rest_route=\/wp\/v2\/types\/page"}],"author":[{"embeddable":true,"href":"https:\/\/www.foerdeshow.de\/index.php?rest_route=\/wp\/v2\/users\/1"}],"replies":[{"embeddable":true,"href":"https:\/\/www.foerdeshow.de\/index.php?rest_route=%2Fwp%2Fv2%2Fcomments&post=3731"}],"version-history":[{"count":7,"href":"https:\/\/www.foerdeshow.de\/index.php?rest_route=\/wp\/v2\/pages\/3731\/revisions"}],"predecessor-version":[{"id":3994,"href":"https:\/\/www.foerdeshow.de\/index.php?rest_route=\/wp\/v2\/pages\/3731\/revisions\/3994"}],"wp:attachment":[{"href":"https:\/\/www.foerdeshow.de\/index.php?rest_route=%2Fwp%2Fv2%2Fmedia&parent=3731"}],"curies":[{"name":"wp","href":"https:\/\/api.w.org\/{rel}","templated":true}]}}