{"id":2912,"date":"2014-06-10T13:34:27","date_gmt":"2014-06-10T11:34:27","guid":{"rendered":"http:\/\/test1.foerdeshow.de\/?page_id=2912"},"modified":"2018-05-24T10:37:14","modified_gmt":"2018-05-24T08:37:14","slug":"impressum","status":"publish","type":"page","link":"https:\/\/www.foerdeshow.de\/?page_id=2912","title":{"rendered":"Impressum"},"content":{"rendered":"<p><strong>Gesetzliche Pflichtangaben Anbieterkennung gem\u00e4\u00df \u00a7 6 TDG:<\/strong><br \/>\nF\u00f6rde Show Concept GmbH &#8211; Berliner Platz 1 &#8211; D-24937 Flensburg<br \/>\nTel. 0461 31802-0 &#8211; Fax 0461 31802-199 &#8211; <a href=\"mailto:info@foerdeshow.de\">info [a] foerdeshow [punkt] de<\/a><\/p>\n<p><strong>Vertretungsberechtigte Gesch\u00e4ftsf\u00fchrer:<\/strong> Peter Thomsen<br \/>\n<strong>Registergericht :<\/strong> Amtsgericht Flensburg<br \/>\n<strong>Handelsregisternummer :<\/strong> HRB2397<br \/>\n<strong>UmsatzIdentNr. gem\u00e4\u00df \u00a7 27a Umsatzsteuergesetz :<\/strong> DE134651456<br \/>\n<strong>Inhaltsverantwortlicher gem\u00e4\u00df \u00a7 6 MDStV :<\/strong> Peter Thomsen<\/p>\n<p><strong>Umstetzung der Internetseiten :<\/strong>\u00a0BDesigns<br \/>\n<strong>Diese Seite wird \u00dcberwacht durch:<\/strong><br \/>\n<img loading=\"lazy\" decoding=\"async\" class=\"alignnone size-full wp-image-2913\" src=\"http:\/\/test1.foerdeshow.de\/wp-content\/uploads\/image001.png\" alt=\"\" width=\"160\" height=\"56\" \/><br \/>\n<strong>Gesetz \u00fcber den Datenschutz bei Telediensten gem\u00e4\u00df \u00a7 4 (TDDSG):<\/strong><br \/>\nWir weisen darauf hin, dass \u00fcbermittelte Daten von uns ausschlie\u00dflich zu Zwecken der Kommunikation mit Ihnen gespeichert werden. Eine Weitergabe der Daten sowie Ihrer Adressen an Dritte ist ausgeschlossen.<br \/>\nDie Speicherung von Zugriffsdaten auf unserer Internetseite, die unter anderem Ihre IP-Nummer, aufgerufene Inhalte, Datum und Uhrzeit enthalten, werden nur f\u00fcr interne Zwecke als Statistik gespeichert. Auch hier ist eine Weitergabe an Dritte ausgeschlossen.<\/p>\n<p><strong>Disclaimer\/Hinweis zur Problematik von externen Links:<\/strong><br \/>\nDie F\u00f6rde Show Concept GmbH ist als Inhaltsanbieter nach \u00a7 6 Abs.1 Mediendienste-Staatsvertrag f\u00fcr die &#8222;eigenen Inhalte&#8220;, die sie zur Nutzung bereith\u00e4lt, nach den allgemeinen Gesetzen verantwortlich. Von diesen eigenen Inhalten sind Querverweise (&#8222;Links&#8220;) auf die von anderen Anbietern bereit gehaltenen Inhalte zu unterscheiden. Durch den Querverweis h\u00e4lt F\u00f6rde Show Concept GmbH insofern &#8222;fremde Inhalte&#8220; zur Nutzung bereit, die in dieser Weise gekennzeichnet sind:<br \/>\nBei &#8222;Links&#8220; handelt es sich stets um &#8222;lebende&#8220; (dynamische) Verweisungen. Die F\u00f6rde Show Concept GmbH hat bei der erstmaligen Verkn\u00fcpfung zwar den fremden Inhalt daraufhin \u00fcberpr\u00fcft, ob durch ihn eine m\u00f6gliche zivilrechtliche oder strafrechtliche Verantwortlichkeit ausgel\u00f6st wird. Sie \u00fcberpr\u00fcft aber die Inhalte, auf die sie in ihrem Angebot verweist, nicht st\u00e4ndig auf Ver\u00e4nderungen, die eine Verantwortlichkeit neu begr\u00fcnden k\u00f6nnten. Wenn sie feststellt oder von anderen darauf hingewiesen wird, dass ein konkretes Angebot, zu dem sie einen Link bereitgestellt hat, eine zivil- oder strafrechtliche Verantwortlichkeit ausl\u00f6st, wird sie den Verweis auf dieses Angebot unverz\u00fcglich von ihrer Seite entfernen.<\/p>\n<p><strong>Inhalt des Onlineangebots:<\/strong><br \/>\nDer Autor \u00fcbernimmt keinerlei Gew\u00e4hr f\u00fcr die Aktualit\u00e4t, Korrektheit, Vollst\u00e4ndigkeit oder Qualit\u00e4t der bereitgestellten Informationen. Haftungsanspr\u00fcche gegen den Autor, welche sich auf Sch\u00e4den materieller oder ideeller Art beziehen, die durch die Nutzung oder Nichtnutzung der dargebotenen Informationen bzw. durch die Nutzung fehlerhafter und unvollst\u00e4ndiger Informationen verursacht wurden, sind grunds\u00e4tzlich ausgeschlossen, sofern seitens des Autors kein nachweislich vors\u00e4tzliches oder grob fahrl\u00e4ssiges Verschulden vorliegt.<br \/>\nAlle Angebote sind freibleibend und unverbindlich. Der Autor beh\u00e4lt es sich ausdr\u00fccklich vor, Teile der Seiten oder das gesamte Angebot ohne gesonderte Ank\u00fcndigung zu ver\u00e4ndern, zu erg\u00e4nzen, zu l\u00f6schen oder die Ver\u00f6ffentlichung zeitweise oder endg\u00fcltig einzustellen.<\/p>\n<p><strong>Urheber- und Kennzeichenrecht:<\/strong><br \/>\nDer Autor ist bestrebt, in allen Publikationen die Urheberrechte der verwendeten Bilder, Grafiken, Tondokumente, Videosequenzen und Texte zu beachten, von ihm selbst erstellte Bilder, Grafiken, Tondokumente, Videosequenzen und Texte zu nutzen oder auf lizenzfreie Grafiken, Tondokumente, Videosequenzen und Texte zur\u00fcckzugreifen.<br \/>\nAlle innerhalb des Internetangebots genannten und ggf. durch Dritte gesch\u00fctzten Marken- und Warenzeichen unterliegen uneingeschr\u00e4nkt den Bestimmungen des jeweils g\u00fcltigen Kennzeichenrechts und den Besitzrechten der jeweiligen eingetragenen Eigent\u00fcmer. Allein aufgrund der blo\u00dfen Nennung ist nicht der Schluss zu ziehen, dass Markenzeichen nicht durch Rechte Dritter gesch\u00fctzt sind!<br \/>\nDas Copyright f\u00fcr ver\u00f6ffentlichte, vom Autor selbst erstellte Objekte bleibt allein beim Autor der Seiten. Eine Vervielf\u00e4ltigung oder Verwendung solcher Grafiken, Tondokumente, Videosequenzen und Texte in anderen elektronischen oder gedruckten Publikationen ist ohne ausdr\u00fcckliche Zustimmung des Autors nicht gestattet<\/p>\n","protected":false},"excerpt":{"rendered":"<p>Gesetzliche Pflichtangaben Anbieterkennung gem\u00e4\u00df \u00a7 6 TDG: F\u00f6rde Show Concept GmbH &#8211; Berliner Platz 1 &#8211; D-24937 Flensburg Tel. 0461 31802-0 &#8211; Fax 0461 31802-199 &#8211; info [a] foerdeshow [punkt] de Vertretungsberechtigte Gesch\u00e4ftsf\u00fchrer: Peter Thomsen Registergericht : Amtsgericht Flensburg Handelsregisternummer : HRB2397 UmsatzIdentNr. gem\u00e4\u00df \u00a7 27a Umsatzsteuergesetz : DE134651456 Inhaltsverantwortlicher gem\u00e4\u00df \u00a7 6 MDStV :&#8230; <a href=\"https:\/\/www.foerdeshow.de\/?page_id=2912\" class=\"excerpt-read-more\">Read More<\/a><\/p>\n","protected":false},"author":1,"featured_media":0,"parent":0,"menu_order":6,"comment_status":"closed","ping_status":"closed","template":"","meta":{"footnotes":""},"class_list":["post-2912","page","type-page","status-publish","hentry"],"_links":{"self":[{"href":"https:\/\/www.foerdeshow.de\/index.php?rest_route=\/wp\/v2\/pages\/2912","targetHints":{"allow":["GET"]}}],"collection":[{"href":"https:\/\/www.foerdeshow.de\/index.php?rest_route=\/wp\/v2\/pages"}],"about":[{"href":"https:\/\/www.foerdeshow.de\/index.php?rest_route=\/wp\/v2\/types\/page"}],"author":[{"embeddable":true,"href":"https:\/\/www.foerdeshow.de\/index.php?rest_route=\/wp\/v2\/users\/1"}],"replies":[{"embeddable":true,"href":"https:\/\/www.foerdeshow.de\/index.php?rest_route=%2Fwp%2Fv2%2Fcomments&post=2912"}],"version-history":[{"count":4,"href":"https:\/\/www.foerdeshow.de\/index.php?rest_route=\/wp\/v2\/pages\/2912\/revisions"}],"predecessor-version":[{"id":3739,"href":"https:\/\/www.foerdeshow.de\/index.php?rest_route=\/wp\/v2\/pages\/2912\/revisions\/3739"}],"wp:attachment":[{"href":"https:\/\/www.foerdeshow.de\/index.php?rest_route=%2Fwp%2Fv2%2Fmedia&parent=2912"}],"curies":[{"name":"wp","href":"https:\/\/api.w.org\/{rel}","templated":true}]}}