{"id":2514,"date":"2014-02-25T15:29:24","date_gmt":"2014-02-25T15:29:24","guid":{"rendered":"http:\/\/themes.goodlayers2.com\/musicclub\/?page_id=2514"},"modified":"2026-03-11T12:40:38","modified_gmt":"2026-03-11T11:40:38","slug":"homepage-boxed","status":"publish","type":"page","link":"https:\/\/www.foerdeshow.de\/","title":{"rendered":"Home"},"content":{"rendered":"\n<h3 class=\"wp-block-heading has-text-align-center has-luminous-vivid-orange-color has-text-color\"><strong>Unsere Open Airs am Kalkberg 2026<\/strong><\/h3>\n\n\n\n<p>&nbsp;<\/p>\n\n\n\n<div class=\"wp-block-columns is-layout-flex wp-container-core-columns-is-layout-9d6595d7 wp-block-columns-is-layout-flex\">\n<div class=\"wp-block-column is-layout-flow wp-block-column-is-layout-flow\" style=\"flex-basis:100%\">\n<figure class=\"wp-block-gallery has-nested-images columns-default is-cropped wp-block-gallery-1 is-layout-flex wp-block-gallery-is-layout-flex\">\n<figure class=\"wp-block-image size-large\"><a href=\"https:\/\/www.foerdeshow.de\/?event=fury-in-the-slaughterhouse-fury-live-twenty-six\"><img loading=\"lazy\" decoding=\"async\" width=\"704\" height=\"995\" data-id=\"4378\" src=\"https:\/\/www.foerdeshow.de\/wp-content\/uploads\/fury_26_kalkberg_plakat_7_NeumitKN_LR.jpg\" alt=\"\" class=\"wp-image-4378\" srcset=\"https:\/\/www.foerdeshow.de\/wp-content\/uploads\/fury_26_kalkberg_plakat_7_NeumitKN_LR.jpg 704w, https:\/\/www.foerdeshow.de\/wp-content\/uploads\/fury_26_kalkberg_plakat_7_NeumitKN_LR-212x300.jpg 212w\" sizes=\"auto, (max-width: 704px) 100vw, 704px\" \/><\/a><\/figure>\n\n\n\n<figure class=\"wp-block-image size-large\"><a href=\"https:\/\/www.foerdeshow.de\/?event=schlagernacht-am-kalkberg-2026\"><img loading=\"lazy\" decoding=\"async\" width=\"723\" height=\"1024\" data-id=\"4379\" src=\"https:\/\/www.foerdeshow.de\/wp-content\/uploads\/A1_Plakat_SN26_02.05.26_MitKN_NEU_LR-723x1024.jpg\" alt=\"\" class=\"wp-image-4379\" srcset=\"https:\/\/www.foerdeshow.de\/wp-content\/uploads\/A1_Plakat_SN26_02.05.26_MitKN_NEU_LR-723x1024.jpg 723w, https:\/\/www.foerdeshow.de\/wp-content\/uploads\/A1_Plakat_SN26_02.05.26_MitKN_NEU_LR-212x300.jpg 212w, https:\/\/www.foerdeshow.de\/wp-content\/uploads\/A1_Plakat_SN26_02.05.26_MitKN_NEU_LR-768x1087.jpg 768w, https:\/\/www.foerdeshow.de\/wp-content\/uploads\/A1_Plakat_SN26_02.05.26_MitKN_NEU_LR-1085x1536.jpg 1085w, https:\/\/www.foerdeshow.de\/wp-content\/uploads\/A1_Plakat_SN26_02.05.26_MitKN_NEU_LR-1447x2048.jpg 1447w, https:\/\/www.foerdeshow.de\/wp-content\/uploads\/A1_Plakat_SN26_02.05.26_MitKN_NEU_LR.jpg 1684w\" sizes=\"auto, (max-width: 723px) 100vw, 723px\" \/><\/a><\/figure>\n\n\n\n<figure class=\"wp-block-image size-large\"><a href=\"https:\/\/www.foerdeshow.de\/?event=sarah-connor-wilde-naechte-open-air-2026\"><img loading=\"lazy\" decoding=\"async\" width=\"723\" height=\"1024\" data-id=\"4380\" src=\"https:\/\/www.foerdeshow.de\/wp-content\/uploads\/A1_Plakat_SarahConnor_BS_08.05.2026_NeuMitKN_LR-723x1024.jpg\" alt=\"\" class=\"wp-image-4380\" srcset=\"https:\/\/www.foerdeshow.de\/wp-content\/uploads\/A1_Plakat_SarahConnor_BS_08.05.2026_NeuMitKN_LR-723x1024.jpg 723w, https:\/\/www.foerdeshow.de\/wp-content\/uploads\/A1_Plakat_SarahConnor_BS_08.05.2026_NeuMitKN_LR-212x300.jpg 212w, https:\/\/www.foerdeshow.de\/wp-content\/uploads\/A1_Plakat_SarahConnor_BS_08.05.2026_NeuMitKN_LR-768x1087.jpg 768w, https:\/\/www.foerdeshow.de\/wp-content\/uploads\/A1_Plakat_SarahConnor_BS_08.05.2026_NeuMitKN_LR-1085x1536.jpg 1085w, https:\/\/www.foerdeshow.de\/wp-content\/uploads\/A1_Plakat_SarahConnor_BS_08.05.2026_NeuMitKN_LR-1447x2048.jpg 1447w, https:\/\/www.foerdeshow.de\/wp-content\/uploads\/A1_Plakat_SarahConnor_BS_08.05.2026_NeuMitKN_LR.jpg 1684w\" sizes=\"auto, (max-width: 723px) 100vw, 723px\" \/><\/a><\/figure>\n\n\n\n<figure class=\"wp-block-image size-large\"><a href=\"https:\/\/www.foerdeshow.de\/?event=santiano-da-braut-sich-was-zusammen-open-air-2026\"><img loading=\"lazy\" decoding=\"async\" width=\"723\" height=\"1024\" data-id=\"4381\" src=\"https:\/\/www.foerdeshow.de\/wp-content\/uploads\/A1_plakat_Santiano_2026_LR-723x1024.jpg\" alt=\"\" class=\"wp-image-4381\" srcset=\"https:\/\/www.foerdeshow.de\/wp-content\/uploads\/A1_plakat_Santiano_2026_LR-723x1024.jpg 723w, https:\/\/www.foerdeshow.de\/wp-content\/uploads\/A1_plakat_Santiano_2026_LR-212x300.jpg 212w, https:\/\/www.foerdeshow.de\/wp-content\/uploads\/A1_plakat_Santiano_2026_LR-768x1087.jpg 768w, https:\/\/www.foerdeshow.de\/wp-content\/uploads\/A1_plakat_Santiano_2026_LR-1085x1536.jpg 1085w, https:\/\/www.foerdeshow.de\/wp-content\/uploads\/A1_plakat_Santiano_2026_LR-1447x2048.jpg 1447w, https:\/\/www.foerdeshow.de\/wp-content\/uploads\/A1_plakat_Santiano_2026_LR.jpg 1684w\" sizes=\"auto, (max-width: 723px) 100vw, 723px\" \/><\/a><\/figure>\n\n\n\n<figure class=\"wp-block-image size-large\"><a href=\"https:\/\/www.foerdeshow.de\/?event=peter-maffay-love-places-2026-tour-2\"><img loading=\"lazy\" decoding=\"async\" width=\"724\" height=\"1024\" data-id=\"4382\" src=\"https:\/\/www.foerdeshow.de\/wp-content\/uploads\/Maffay_Tourposter_2026_BadSegeberg_LR-724x1024.jpg\" alt=\"\" class=\"wp-image-4382\" srcset=\"https:\/\/www.foerdeshow.de\/wp-content\/uploads\/Maffay_Tourposter_2026_BadSegeberg_LR-724x1024.jpg 724w, https:\/\/www.foerdeshow.de\/wp-content\/uploads\/Maffay_Tourposter_2026_BadSegeberg_LR-212x300.jpg 212w, https:\/\/www.foerdeshow.de\/wp-content\/uploads\/Maffay_Tourposter_2026_BadSegeberg_LR-768x1086.jpg 768w, https:\/\/www.foerdeshow.de\/wp-content\/uploads\/Maffay_Tourposter_2026_BadSegeberg_LR.jpg 842w\" sizes=\"auto, (max-width: 724px) 100vw, 724px\" \/><\/a><\/figure>\n<\/figure>\n<\/div>\n<\/div>\n\n\n\n<p><\/p>\n\n\n\n<p><\/p>\n\n\n\n<p>Liebe Kalkberg-Pilger,<\/p>\n\n\n\n<p>bald ist es endlich so weit. Die Open Airs am Kalkberg 2026 stehen in den Startl\u00f6chern und die Vorbereitungen laufen bereits auf Hochtouren.<\/p>\n\n\n\n<p>Damit es zu einem reibungslosen Ablauf kommt, hier nun ein paar Infos f\u00fcr alle Besucher:<\/p>\n\n\n\n<p>Einlass &amp; Beginn:<br>Bei s\u00e4mtlichen Shows am Kalkberg findet der Einlass 2 Stunden vor regul\u00e4rem Showbeginn statt.<br>-&gt;<\/p>\n\n\n\n<p><strong>Freitag, 01.Mai 2026 | Fury in the Slaughterhouse<\/strong><\/p>\n\n\n\n<p>Einlass: 17.00 Uhr | Beginn: 19.00 Uhr\u00a0<\/p>\n\n\n\n<p><strong>Samstag, 02.05.2026 | Schlagernacht am Kalkberg 2026<\/strong><\/p>\n\n\n\n<p>Einlass: 15.45 Uhr | Beginn: 17.45 Uhr<\/p>\n\n\n\n<p><strong>Freitag, 08.05.2026 | Sarah Connor &#8211; Wilde N\u00e4chte Open Air 2026<\/strong><\/p>\n\n\n\n<p>Einlass: 17.00 Uhr | Beginn: 19:00 Uhr<\/p>\n\n\n\n<p><strong>Samstag, 09.05.2026 | Santiano &#8211; Da braut sich was zusammen &#8211; Open Air 2026<\/strong><\/p>\n\n\n\n<p>Einlass: 17.30 Uhr | Beginn: 19.30 Uhr<\/p>\n\n\n\n<p><strong>Freitag +Samstag, 15.+16.05.2026 | Peter Maffay &#8211; Love Places 2026 Tour<\/strong><\/p>\n\n\n\n<p>Einlass: 17.00 Uhr | Beginn: 19.00 Uhr<\/p>\n\n\n\n<p>Showende ist bei allen Veranstaltungen sp\u00e4testens um 22.00 Uhr<\/p>\n\n\n\n<p>Parkm\u00f6glichkeiten:<\/p>\n\n\n\n<p>Rund um das Kalkberg-Gel\u00e4nde gibt es insgesamt 4 kostenfreie, gut ausgeschilderte Parkfl\u00e4chen, die Ihr nutzen k\u00f6nnt. Bitte nehmen Sie vor und nach den Veranstaltungen auf allen Wegen R\u00fccksicht auf die Anwohner im Wohngebiet.<\/p>\n\n\n\n<p>Bitte beachtet, dass keine eigenen Speisen und Getr\u00e4nke mit auf das Veranstaltungsgel\u00e4nde gebracht werden d\u00fcrfen. Vor Ort wird es gen\u00fcgend M\u00f6glichkeiten zur Verk\u00f6stigung geben, sodass keiner verhungern oder verdursten muss. Taschen werden nur bis zu einer maximalen Gr\u00f6\u00dfe von DIN A4 Format zugelassen und andere sperrige Gegenst\u00e4nde, wie Regenschirme etc. werden ebenfalls nicht erlaubt sein. Bitte versucht also am besten alles was geht in den Autos zu lassen, damit es zu einem stressfreien Einlass kommt.<\/p>\n\n\n\n<p>Wir sehen uns am Kalkberg und w\u00fcnschen schon einmal viel Spa\u00df.<\/p>\n\n\n\n<h3 class=\"wp-block-heading has-text-align-center has-luminous-vivid-orange-color has-text-color\">&nbsp;<\/h3>\n","protected":false},"excerpt":{"rendered":"<p>Unsere Open Airs am Kalkberg 2026 &nbsp; Liebe Kalkberg-Pilger, bald ist es endlich so weit. Die Open Airs am Kalkberg 2026 stehen in den Startl\u00f6chern und die Vorbereitungen laufen bereits auf Hochtouren. Damit es zu einem reibungslosen Ablauf kommt, hier nun ein paar Infos f\u00fcr alle Besucher: Einlass &amp; Beginn:Bei s\u00e4mtlichen Shows am Kalkberg findet&#8230; <a href=\"https:\/\/www.foerdeshow.de\/\" class=\"excerpt-read-more\">Read More<\/a><\/p>\n","protected":false},"author":1,"featured_media":0,"parent":0,"menu_order":1,"comment_status":"closed","ping_status":"open","template":"","meta":{"footnotes":""},"class_list":["post-2514","page","type-page","status-publish","hentry"],"_links":{"self":[{"href":"https:\/\/www.foerdeshow.de\/index.php?rest_route=\/wp\/v2\/pages\/2514","targetHints":{"allow":["GET"]}}],"collection":[{"href":"https:\/\/www.foerdeshow.de\/index.php?rest_route=\/wp\/v2\/pages"}],"about":[{"href":"https:\/\/www.foerdeshow.de\/index.php?rest_route=\/wp\/v2\/types\/page"}],"author":[{"embeddable":true,"href":"https:\/\/www.foerdeshow.de\/index.php?rest_route=\/wp\/v2\/users\/1"}],"replies":[{"embeddable":true,"href":"https:\/\/www.foerdeshow.de\/index.php?rest_route=%2Fwp%2Fv2%2Fcomments&post=2514"}],"version-history":[{"count":199,"href":"https:\/\/www.foerdeshow.de\/index.php?rest_route=\/wp\/v2\/pages\/2514\/revisions"}],"predecessor-version":[{"id":4412,"href":"https:\/\/www.foerdeshow.de\/index.php?rest_route=\/wp\/v2\/pages\/2514\/revisions\/4412"}],"wp:attachment":[{"href":"https:\/\/www.foerdeshow.de\/index.php?rest_route=%2Fwp%2Fv2%2Fmedia&parent=2514"}],"curies":[{"name":"wp","href":"https:\/\/api.w.org\/{rel}","templated":true}]}}